{"id":888,"date":"2026-05-06T17:22:26","date_gmt":"2026-05-06T17:22:26","guid":{"rendered":"https:\/\/www.terra-unika.fr\/?post_type=product&#038;p=888"},"modified":"2026-05-06T17:22:26","modified_gmt":"2026-05-06T17:22:26","slug":"begonia-brevirimosa","status":"publish","type":"product","link":"https:\/\/www.terra-unika.fr\/?product=begonia-brevirimosa","title":{"rendered":"Begonia Brevirimosa"},"content":{"rendered":"<p><i>Begonia brevirimosa<\/i> est une <a class=\"mw-redirect\" title=\"Esp\u00e8ce (biologie)\" href=\"https:\/\/fr.wikipedia.org\/wiki\/Esp%C3%A8ce_(biologie)\">esp\u00e8ce<\/a> de <a title=\"Plante\" href=\"https:\/\/fr.wikipedia.org\/wiki\/Plante\">plantes<\/a> de la <a title=\"Famille (biologie)\" href=\"https:\/\/fr.wikipedia.org\/wiki\/Famille_(biologie)\">famille<\/a> des <i><a title=\"Begoniaceae\" href=\"https:\/\/fr.wikipedia.org\/wiki\/Begoniaceae\">Begoniaceae<\/a><\/i>. Ce <a title=\"B\u00e9gonia\" href=\"https:\/\/fr.wikipedia.org\/wiki\/B%C3%A9gonia\">b\u00e9gonia<\/a> arbustif est originaire de <a class=\"mw-redirect\" title=\"Nouvelle Guin\u00e9e\" href=\"https:\/\/fr.wikipedia.org\/wiki\/Nouvelle_Guin%C3%A9e\">Nouvelle Guin\u00e9e<\/a><\/p>\n<p>diff\u00e9rentes boutures bien enracin\u00e9es sont disponibles , elles sont toutes diff\u00e9rentes, les photos ne sont pas contractuelles<\/p>\n<p><span class=\"BxUVEf ILfuVd\" lang=\"fr\"><span class=\"hgKElc pOOWX\"><b>Arrosez r\u00e9guli\u00e8rement, en maintenant le sol uniform\u00e9ment humide mais pas d\u00e9tremp\u00e9<\/b>. Le Begonia brevirimosa &lsquo;Exotica&rsquo; appr\u00e9cie une humidit\u00e9 ambiante \u00e9lev\u00e9e,<\/span><\/span><\/p>\n<p><strong>Begonia brevirimosa &lsquo;Exotica&rsquo;<\/strong> est une plante d&rsquo;int\u00e9rieur spectaculaire, pris\u00e9e pour son feuillage vibrant aux teintes rose fuchsia et vert. Cette vari\u00e9t\u00e9 de B\u00e9gonia est parfaite pour ajouter une touche de couleur intense et de dynamisme \u00e0 tout espace int\u00e9rieur.<\/p>\n<p><strong>Croissance : <\/strong>Cette plante pr\u00e9sente une croissance mod\u00e9r\u00e9e, atteignant g\u00e9n\u00e9ralement entre 30 et 60 cm de hauteur. Ses grandes feuilles sont \u00e9paisses, ovales, et marqu\u00e9es de motifs irr\u00e9guliers en rose fuchsia et vert profond. Ce contraste de couleurs en fait une plante tr\u00e8s attrayante et unique.<\/p>\n<p><strong>Fleurs : <\/strong>Le Begonia brevirimosa &lsquo;Exotica&rsquo; produit de petites fleurs blanches ou ros\u00e9es, g\u00e9n\u00e9ralement discr\u00e8tes en comparaison avec son feuillage \u00e9clatant. Le v\u00e9ritable int\u00e9r\u00eat de cette plante r\u00e9side dans ses feuilles color\u00e9es.<\/p>\n<p><strong>Lumi\u00e8re : <\/strong>Cette plante pr\u00e9f\u00e8re une lumi\u00e8re vive mais indirecte. Elle tol\u00e8re une ombre partielle, mais ses couleurs seront plus \u00e9clatantes sous une lumi\u00e8re indirecte mod\u00e9r\u00e9e \u00e0 forte. Il est crucial d&rsquo;\u00e9viter l&rsquo;exposition directe au soleil, qui peut causer des br\u00fblures sur les feuilles d\u00e9licates.<\/p>\n<p><strong>Substrat : <\/strong>Utilisez un terreau l\u00e9ger et bien drainant, compos\u00e9 de terreau pour plantes d&rsquo;int\u00e9rieur m\u00e9lang\u00e9 \u00e0 de la perlite ou de la tourbe. Assurez-vous que le pot dispose d&rsquo;un bon drainage pour \u00e9viter l&rsquo;accumulation d&rsquo;eau.<\/p>\n<p>facile \u00e0 bouturer, voir nos tutos sur instagram<\/p>\n<p>&nbsp;<\/p>\n","protected":false},"excerpt":{"rendered":"<p>Begonia rare de collection<\/p>\n","protected":false},"featured_media":877,"comment_status":"open","ping_status":"closed","template":"","meta":[],"product_brand":[],"product_cat":[16],"product_tag":[],"class_list":{"0":"post-888","1":"product","2":"type-product","3":"status-publish","4":"has-post-thumbnail","6":"product_cat-non-classe","8":"first","9":"instock","10":"shipping-taxable","11":"purchasable","12":"product-type-simple"},"_links":{"self":[{"href":"https:\/\/www.terra-unika.fr\/index.php?rest_route=\/wp\/v2\/product\/888","targetHints":{"allow":["GET"]}}],"collection":[{"href":"https:\/\/www.terra-unika.fr\/index.php?rest_route=\/wp\/v2\/product"}],"about":[{"href":"https:\/\/www.terra-unika.fr\/index.php?rest_route=\/wp\/v2\/types\/product"}],"replies":[{"embeddable":true,"href":"https:\/\/www.terra-unika.fr\/index.php?rest_route=%2Fwp%2Fv2%2Fcomments&post=888"}],"wp:featuredmedia":[{"embeddable":true,"href":"https:\/\/www.terra-unika.fr\/index.php?rest_route=\/wp\/v2\/media\/877"}],"wp:attachment":[{"href":"https:\/\/www.terra-unika.fr\/index.php?rest_route=%2Fwp%2Fv2%2Fmedia&parent=888"}],"wp:term":[{"taxonomy":"product_brand","embeddable":true,"href":"https:\/\/www.terra-unika.fr\/index.php?rest_route=%2Fwp%2Fv2%2Fproduct_brand&post=888"},{"taxonomy":"product_cat","embeddable":true,"href":"https:\/\/www.terra-unika.fr\/index.php?rest_route=%2Fwp%2Fv2%2Fproduct_cat&post=888"},{"taxonomy":"product_tag","embeddable":true,"href":"https:\/\/www.terra-unika.fr\/index.php?rest_route=%2Fwp%2Fv2%2Fproduct_tag&post=888"}],"curies":[{"name":"wp","href":"https:\/\/api.w.org\/{rel}","templated":true}]}}