{"id":882,"date":"2026-05-05T17:39:12","date_gmt":"2026-05-05T17:39:12","guid":{"rendered":"https:\/\/www.terra-unika.fr\/?post_type=product&#038;p=882"},"modified":"2026-05-05T17:39:12","modified_gmt":"2026-05-05T17:39:12","slug":"begonia-cucullata-variegata","status":"publish","type":"product","link":"https:\/\/www.terra-unika.fr\/?product=begonia-cucullata-variegata","title":{"rendered":"Begonia Cucullata variegata"},"content":{"rendered":"<p>Originaire d&rsquo;Amerique du Sud, il pousse rapidement si vous leur donner de la lumi\u00e8re et de l&rsquo;humidit\u00e9<\/p>\n<p>il est commercialis\u00e9 sous le nom de begonia cireux de la famille des begoniaci\u00e9es<\/p>\n<p>cette variet\u00e9 a des couleur panach\u00e9es vertes au jaune<\/p>\n<p>il existe d&rsquo;autres vari\u00e9t\u00e9s avec des couleurs diff\u00e9rentes comme le rose<\/p>\n<p>ce sont des b\u00e9gonias rares<\/p>\n","protected":false},"excerpt":{"rendered":"<p>plante rare de collection<\/p>\n","protected":false},"featured_media":883,"comment_status":"open","ping_status":"closed","template":"","meta":[],"product_brand":[],"product_cat":[18],"product_tag":[],"class_list":{"0":"post-882","1":"product","2":"type-product","3":"status-publish","4":"has-post-thumbnail","6":"product_cat-plante-dinterieur","8":"first","9":"instock","10":"shipping-taxable","11":"purchasable","12":"product-type-simple"},"_links":{"self":[{"href":"https:\/\/www.terra-unika.fr\/index.php?rest_route=\/wp\/v2\/product\/882","targetHints":{"allow":["GET"]}}],"collection":[{"href":"https:\/\/www.terra-unika.fr\/index.php?rest_route=\/wp\/v2\/product"}],"about":[{"href":"https:\/\/www.terra-unika.fr\/index.php?rest_route=\/wp\/v2\/types\/product"}],"replies":[{"embeddable":true,"href":"https:\/\/www.terra-unika.fr\/index.php?rest_route=%2Fwp%2Fv2%2Fcomments&post=882"}],"wp:featuredmedia":[{"embeddable":true,"href":"https:\/\/www.terra-unika.fr\/index.php?rest_route=\/wp\/v2\/media\/883"}],"wp:attachment":[{"href":"https:\/\/www.terra-unika.fr\/index.php?rest_route=%2Fwp%2Fv2%2Fmedia&parent=882"}],"wp:term":[{"taxonomy":"product_brand","embeddable":true,"href":"https:\/\/www.terra-unika.fr\/index.php?rest_route=%2Fwp%2Fv2%2Fproduct_brand&post=882"},{"taxonomy":"product_cat","embeddable":true,"href":"https:\/\/www.terra-unika.fr\/index.php?rest_route=%2Fwp%2Fv2%2Fproduct_cat&post=882"},{"taxonomy":"product_tag","embeddable":true,"href":"https:\/\/www.terra-unika.fr\/index.php?rest_route=%2Fwp%2Fv2%2Fproduct_tag&post=882"}],"curies":[{"name":"wp","href":"https:\/\/api.w.org\/{rel}","templated":true}]}}