{"id":864,"date":"2026-05-05T17:15:56","date_gmt":"2026-05-05T17:15:56","guid":{"rendered":"https:\/\/www.terra-unika.fr\/?post_type=product&#038;p=864"},"modified":"2026-05-05T17:15:56","modified_gmt":"2026-05-05T17:15:56","slug":"philodendron-joepii-variegata","status":"publish","type":"product","link":"https:\/\/www.terra-unika.fr\/?product=philodendron-joepii-variegata","title":{"rendered":"Philodendron Joepii Variegata"},"content":{"rendered":"<p><strong><span dir=\"auto\"><span class=\"\" dir=\"auto\">Le Philodendron joepii aurea panach\u00e9<\/span><\/span><\/strong><span dir=\"auto\"><span class=\"\" dir=\"auto\"> est une arac\u00e9e rare , aux feuilles lob\u00e9es caract\u00e9ristiques et \u00e0 la panachure jaune marbr\u00e9e. Chaque feuille est unique, ce qui en fait une plante tr\u00e8s appr\u00e9ci\u00e9e des collectionneurs.<\/span><\/span><\/p>\n<p>ce n&rsquo;est pas un plan issue de la tc, c&rsquo;est une bouture ramen\u00e9e de Tha\u00eflande<\/p>\n","protected":false},"excerpt":{"rendered":"<p>plante rare de collection<\/p>\n","protected":false},"featured_media":866,"comment_status":"open","ping_status":"closed","template":"","meta":[],"product_brand":[],"product_cat":[18],"product_tag":[],"class_list":{"0":"post-864","1":"product","2":"type-product","3":"status-publish","4":"has-post-thumbnail","6":"product_cat-plante-dinterieur","8":"first","9":"instock","10":"shipping-taxable","11":"purchasable","12":"product-type-simple"},"_links":{"self":[{"href":"https:\/\/www.terra-unika.fr\/index.php?rest_route=\/wp\/v2\/product\/864","targetHints":{"allow":["GET"]}}],"collection":[{"href":"https:\/\/www.terra-unika.fr\/index.php?rest_route=\/wp\/v2\/product"}],"about":[{"href":"https:\/\/www.terra-unika.fr\/index.php?rest_route=\/wp\/v2\/types\/product"}],"replies":[{"embeddable":true,"href":"https:\/\/www.terra-unika.fr\/index.php?rest_route=%2Fwp%2Fv2%2Fcomments&post=864"}],"wp:featuredmedia":[{"embeddable":true,"href":"https:\/\/www.terra-unika.fr\/index.php?rest_route=\/wp\/v2\/media\/866"}],"wp:attachment":[{"href":"https:\/\/www.terra-unika.fr\/index.php?rest_route=%2Fwp%2Fv2%2Fmedia&parent=864"}],"wp:term":[{"taxonomy":"product_brand","embeddable":true,"href":"https:\/\/www.terra-unika.fr\/index.php?rest_route=%2Fwp%2Fv2%2Fproduct_brand&post=864"},{"taxonomy":"product_cat","embeddable":true,"href":"https:\/\/www.terra-unika.fr\/index.php?rest_route=%2Fwp%2Fv2%2Fproduct_cat&post=864"},{"taxonomy":"product_tag","embeddable":true,"href":"https:\/\/www.terra-unika.fr\/index.php?rest_route=%2Fwp%2Fv2%2Fproduct_tag&post=864"}],"curies":[{"name":"wp","href":"https:\/\/api.w.org\/{rel}","templated":true}]}}