{"id":500,"date":"2026-01-22T14:41:38","date_gmt":"2026-01-22T14:41:38","guid":{"rendered":"https:\/\/www.terra-unika.fr\/?post_type=product&#038;p=500"},"modified":"2026-02-04T15:38:18","modified_gmt":"2026-02-04T15:38:18","slug":"miroir","status":"publish","type":"product","link":"https:\/\/www.terra-unika.fr\/?product=miroir","title":{"rendered":"Cr\u00e9ation de miroir PAON"},"content":{"rendered":"","protected":false},"excerpt":{"rendered":"<p>Ce miroir est r\u00e9alis\u00e9 avec\u00a0<strong>des feuilles de palmiers stabilis\u00e9es<\/strong>\u00a0et des\u00a0<strong>plumes de paon<\/strong>. Il mesure environ\u00a0<strong>1m40 de diam\u00e8tre<\/strong>. Il peut \u00eatre\u00a0<strong>r\u00e9alis\u00e9 sur mesure<\/strong>.Ce sont des\u00a0<strong>pi\u00e8ces uniques<\/strong><\/p>\n<p>REF: miroir paon<\/p>\n","protected":false},"featured_media":213,"comment_status":"open","ping_status":"closed","template":"","meta":[],"product_brand":[],"product_cat":[21],"product_tag":[],"class_list":{"0":"post-500","1":"product","2":"type-product","3":"status-publish","4":"has-post-thumbnail","6":"product_cat-antiquites-et-decorations-dinterieur","8":"first","9":"instock","10":"shipping-taxable","11":"purchasable","12":"product-type-simple"},"_links":{"self":[{"href":"https:\/\/www.terra-unika.fr\/index.php?rest_route=\/wp\/v2\/product\/500","targetHints":{"allow":["GET"]}}],"collection":[{"href":"https:\/\/www.terra-unika.fr\/index.php?rest_route=\/wp\/v2\/product"}],"about":[{"href":"https:\/\/www.terra-unika.fr\/index.php?rest_route=\/wp\/v2\/types\/product"}],"replies":[{"embeddable":true,"href":"https:\/\/www.terra-unika.fr\/index.php?rest_route=%2Fwp%2Fv2%2Fcomments&post=500"}],"wp:featuredmedia":[{"embeddable":true,"href":"https:\/\/www.terra-unika.fr\/index.php?rest_route=\/wp\/v2\/media\/213"}],"wp:attachment":[{"href":"https:\/\/www.terra-unika.fr\/index.php?rest_route=%2Fwp%2Fv2%2Fmedia&parent=500"}],"wp:term":[{"taxonomy":"product_brand","embeddable":true,"href":"https:\/\/www.terra-unika.fr\/index.php?rest_route=%2Fwp%2Fv2%2Fproduct_brand&post=500"},{"taxonomy":"product_cat","embeddable":true,"href":"https:\/\/www.terra-unika.fr\/index.php?rest_route=%2Fwp%2Fv2%2Fproduct_cat&post=500"},{"taxonomy":"product_tag","embeddable":true,"href":"https:\/\/www.terra-unika.fr\/index.php?rest_route=%2Fwp%2Fv2%2Fproduct_tag&post=500"}],"curies":[{"name":"wp","href":"https:\/\/api.w.org\/{rel}","templated":true}]}}