{"id":496,"date":"2026-01-22T14:37:57","date_gmt":"2026-01-22T14:37:57","guid":{"rendered":"https:\/\/www.terra-unika.fr\/?post_type=product&#038;p=496"},"modified":"2026-02-04T15:36:54","modified_gmt":"2026-02-04T15:36:54","slug":"produit-2","status":"publish","type":"product","link":"https:\/\/www.terra-unika.fr\/?product=produit-2","title":{"rendered":"Vente d&rsquo;un Tubipora musica de 35cm"},"content":{"rendered":"","protected":false},"excerpt":{"rendered":"<p>Ce\u00a0tubipora musica\u00a0est constitu\u00e9 d&rsquo;un\u00a0squelette\u00a0d&rsquo;une multitude de\u00a0petits tubes de couleur rouge.<\/p>\n<p>Il vit dans des courants forts \u00e9vitant ainsi aux particulaires s\u00e9dimentaires de se d\u00e9poser dessus.<\/p>\n<p>Il est\u00a0tr\u00e8s difficile de trouver de grands sujets\u00a0car ils sont fragiles.<\/p>\n<p>Ce\u00a0tubipora\u00a0est fix\u00e9 sur un\u00a0socle en bois.<\/p>\n<p>Il est vendu avec son\u00a0certificat cites.<\/p>\n<p>Ses dimensions: 35cm de hauteur\u00a0par 18cm.<\/p>\n<p>&nbsp;<\/p>\n<p>REF: tubipora musica<\/p>\n","protected":false},"featured_media":320,"comment_status":"open","ping_status":"closed","template":"","meta":[],"product_brand":[],"product_cat":[20],"product_tag":[],"class_list":{"0":"post-496","1":"product","2":"type-product","3":"status-publish","4":"has-post-thumbnail","6":"product_cat-objet-de-curiosite","8":"first","9":"instock","10":"shipping-taxable","11":"purchasable","12":"product-type-simple"},"_links":{"self":[{"href":"https:\/\/www.terra-unika.fr\/index.php?rest_route=\/wp\/v2\/product\/496","targetHints":{"allow":["GET"]}}],"collection":[{"href":"https:\/\/www.terra-unika.fr\/index.php?rest_route=\/wp\/v2\/product"}],"about":[{"href":"https:\/\/www.terra-unika.fr\/index.php?rest_route=\/wp\/v2\/types\/product"}],"replies":[{"embeddable":true,"href":"https:\/\/www.terra-unika.fr\/index.php?rest_route=%2Fwp%2Fv2%2Fcomments&post=496"}],"wp:featuredmedia":[{"embeddable":true,"href":"https:\/\/www.terra-unika.fr\/index.php?rest_route=\/wp\/v2\/media\/320"}],"wp:attachment":[{"href":"https:\/\/www.terra-unika.fr\/index.php?rest_route=%2Fwp%2Fv2%2Fmedia&parent=496"}],"wp:term":[{"taxonomy":"product_brand","embeddable":true,"href":"https:\/\/www.terra-unika.fr\/index.php?rest_route=%2Fwp%2Fv2%2Fproduct_brand&post=496"},{"taxonomy":"product_cat","embeddable":true,"href":"https:\/\/www.terra-unika.fr\/index.php?rest_route=%2Fwp%2Fv2%2Fproduct_cat&post=496"},{"taxonomy":"product_tag","embeddable":true,"href":"https:\/\/www.terra-unika.fr\/index.php?rest_route=%2Fwp%2Fv2%2Fproduct_tag&post=496"}],"curies":[{"name":"wp","href":"https:\/\/api.w.org\/{rel}","templated":true}]}}