{"id":56,"date":"2026-01-14T10:38:20","date_gmt":"2026-01-14T10:38:20","guid":{"rendered":"https:\/\/terraunica.alwaysdata.net\/site\/?page_id=56"},"modified":"2026-03-24T10:09:59","modified_gmt":"2026-03-24T10:09:59","slug":"a-propos","status":"publish","type":"page","link":"https:\/\/www.terra-unika.fr\/?page_id=56","title":{"rendered":"\u00c0 propos"},"content":{"rendered":"\t\t<div data-elementor-type=\"wp-page\" data-elementor-id=\"56\" class=\"elementor elementor-56\" data-elementor-post-type=\"page\">\n\t\t\t\t\t\t<section class=\"elementor-section elementor-top-section elementor-element elementor-element-28bd438d elementor-section-boxed elementor-section-height-default elementor-section-height-default\" data-id=\"28bd438d\" data-element_type=\"section\" data-settings=\"{&quot;background_background&quot;:&quot;classic&quot;}\">\n\t\t\t\t\t\t\t<div class=\"elementor-background-overlay\"><\/div>\n\t\t\t\t\t\t\t<div class=\"elementor-container elementor-column-gap-default\">\n\t\t\t\t\t<div class=\"elementor-column elementor-col-100 elementor-top-column elementor-element elementor-element-440562c7\" data-id=\"440562c7\" data-element_type=\"column\">\n\t\t\t<div class=\"elementor-widget-wrap elementor-element-populated\">\n\t\t\t\t\t\t<div class=\"elementor-element elementor-element-27aa3ae9 elementor-widget__width-initial elementor-absolute elementor-widget-tablet__width-initial elementor-widget elementor-widget-image\" data-id=\"27aa3ae9\" data-element_type=\"widget\" data-settings=\"{&quot;_position&quot;:&quot;absolute&quot;}\" data-widget_type=\"image.default\">\n\t\t\t\t\t\t\t\t\t\t\t\t\t\t\t<img fetchpriority=\"high\" decoding=\"async\" width=\"327\" height=\"326\" src=\"https:\/\/www.terra-unika.fr\/wp-content\/uploads\/2026\/01\/Picture8.png\" class=\"attachment-large size-large wp-image-117\" alt=\"\" srcset=\"https:\/\/www.terra-unika.fr\/wp-content\/uploads\/2026\/01\/Picture8.png 327w, https:\/\/www.terra-unika.fr\/wp-content\/uploads\/2026\/01\/Picture8-300x300.png 300w, https:\/\/www.terra-unika.fr\/wp-content\/uploads\/2026\/01\/Picture8-150x150.png 150w, https:\/\/www.terra-unika.fr\/wp-content\/uploads\/2026\/01\/Picture8-100x100.png 100w\" sizes=\"(max-width: 327px) 100vw, 327px\" \/>\t\t\t\t\t\t\t\t\t\t\t\t\t\t\t<\/div>\n\t\t\t\t<div class=\"elementor-element elementor-element-652fa237 elementor-widget elementor-widget-heading\" data-id=\"652fa237\" data-element_type=\"widget\" data-widget_type=\"heading.default\">\n\t\t\t\t\t<h1 class=\"elementor-heading-title elementor-size-default\">D\u00e9couvrir Terra Unika<\/h1>\t\t\t\t<\/div>\n\t\t\t\t<div class=\"elementor-element elementor-element-768c7a18 elementor-widget elementor-widget-text-editor\" data-id=\"768c7a18\" data-element_type=\"widget\" data-widget_type=\"text-editor.default\">\n\t\t\t\t\t\t\t\t\tMieux nous conna\u00eetre\t\t\t\t\t\t\t\t<\/div>\n\t\t\t\t\t<\/div>\n\t\t<\/div>\n\t\t\t\t\t<\/div>\n\t\t<\/section>\n\t\t\t\t<section class=\"elementor-section elementor-top-section elementor-element elementor-element-2308426d elementor-reverse-mobile elementor-section-boxed elementor-section-height-default elementor-section-height-default\" data-id=\"2308426d\" data-element_type=\"section\" data-settings=\"{&quot;background_background&quot;:&quot;classic&quot;}\">\n\t\t\t\t\t\t\t<div class=\"elementor-background-overlay\"><\/div>\n\t\t\t\t\t\t\t<div class=\"elementor-container elementor-column-gap-default\">\n\t\t\t\t\t<div class=\"elementor-column elementor-col-50 elementor-top-column elementor-element elementor-element-1cb14220\" data-id=\"1cb14220\" data-element_type=\"column\">\n\t\t\t<div class=\"elementor-widget-wrap elementor-element-populated\">\n\t\t\t\t\t\t<div class=\"elementor-element elementor-element-12c1c58e elementor-widget elementor-widget-heading\" data-id=\"12c1c58e\" data-element_type=\"widget\" data-widget_type=\"heading.default\">\n\t\t\t\t\t<h2 class=\"elementor-heading-title elementor-size-default\">L\u2019\u00e2me de Terra Unika<\/h2>\t\t\t\t<\/div>\n\t\t\t\t<div class=\"elementor-element elementor-element-5e325172 elementor-widget elementor-widget-text-editor\" data-id=\"5e325172\" data-element_type=\"widget\" data-widget_type=\"text-editor.default\">\n\t\t\t\t\t\t\t\t\tTerra Unika est n\u00e9e du d\u00e9sir de r\u00e9unir le vivant, l\u2019art et la mati\u00e8re brute dans un m\u00eame espace.\nChaque pi\u00e8ce est choisie comme une \u0153uvre : pour sa forme, son \u00e9nergie, son imperfection.\nIci, rien n\u2019est standardis\u00e9. Tout est unique, comme un fragment de nature ou d\u2019histoire \u00e0 faire entrer chez soi.\t\t\t\t\t\t\t\t<\/div>\n\t\t\t\t\t<\/div>\n\t\t<\/div>\n\t\t\t\t<div class=\"elementor-column elementor-col-50 elementor-top-column elementor-element elementor-element-60077a4e\" data-id=\"60077a4e\" data-element_type=\"column\">\n\t\t\t<div class=\"elementor-widget-wrap elementor-element-populated\">\n\t\t\t\t\t\t<div class=\"elementor-element elementor-element-d9f232 elementor-widget elementor-widget-image\" data-id=\"d9f232\" data-element_type=\"widget\" data-widget_type=\"image.default\">\n\t\t\t\t\t\t\t\t\t\t\t\t\t\t\t<img decoding=\"async\" width=\"683\" height=\"1024\" src=\"https:\/\/www.terra-unika.fr\/wp-content\/uploads\/2026\/01\/table-ronde-de-90cm-environ-en-dabema-brule-683x1024.jpg\" class=\"attachment-large size-large wp-image-219\" alt=\"\" srcset=\"https:\/\/www.terra-unika.fr\/wp-content\/uploads\/2026\/01\/table-ronde-de-90cm-environ-en-dabema-brule-683x1024.jpg 683w, https:\/\/www.terra-unika.fr\/wp-content\/uploads\/2026\/01\/table-ronde-de-90cm-environ-en-dabema-brule-200x300.jpg 200w, https:\/\/www.terra-unika.fr\/wp-content\/uploads\/2026\/01\/table-ronde-de-90cm-environ-en-dabema-brule-768x1152.jpg 768w, https:\/\/www.terra-unika.fr\/wp-content\/uploads\/2026\/01\/table-ronde-de-90cm-environ-en-dabema-brule-1024x1536.jpg 1024w, https:\/\/www.terra-unika.fr\/wp-content\/uploads\/2026\/01\/table-ronde-de-90cm-environ-en-dabema-brule-1365x2048.jpg 1365w, https:\/\/www.terra-unika.fr\/wp-content\/uploads\/2026\/01\/table-ronde-de-90cm-environ-en-dabema-brule-600x900.jpg 600w, https:\/\/www.terra-unika.fr\/wp-content\/uploads\/2026\/01\/table-ronde-de-90cm-environ-en-dabema-brule-scaled.jpg 1707w\" sizes=\"(max-width: 683px) 100vw, 683px\" \/>\t\t\t\t\t\t\t\t\t\t\t\t\t\t\t<\/div>\n\t\t\t\t\t<\/div>\n\t\t<\/div>\n\t\t\t\t\t<\/div>\n\t\t<\/section>\n\t\t\t\t<section class=\"elementor-section elementor-top-section elementor-element elementor-element-3943d8e8 elementor-section-boxed elementor-section-height-default elementor-section-height-default\" data-id=\"3943d8e8\" data-element_type=\"section\" data-settings=\"{&quot;background_background&quot;:&quot;classic&quot;}\">\n\t\t\t\t\t\t<div class=\"elementor-container elementor-column-gap-default\">\n\t\t\t\t\t<div class=\"elementor-column elementor-col-100 elementor-top-column elementor-element elementor-element-110f9874\" data-id=\"110f9874\" data-element_type=\"column\">\n\t\t\t<div class=\"elementor-widget-wrap elementor-element-populated\">\n\t\t\t\t\t\t<div class=\"elementor-element elementor-element-32c5ddb5 elementor-widget elementor-widget-heading\" data-id=\"32c5ddb5\" data-element_type=\"widget\" data-widget_type=\"heading.default\">\n\t\t\t\t\t<h2 class=\"elementor-heading-title elementor-size-default\">Pourquoi nous choisir ?<\/h2>\t\t\t\t<\/div>\n\t\t\t\t\t<\/div>\n\t\t<\/div>\n\t\t\t\t\t<\/div>\n\t\t<\/section>\n\t\t\t\t<section class=\"elementor-section elementor-top-section elementor-element elementor-element-45057af elementor-section-boxed elementor-section-height-default elementor-section-height-default\" data-id=\"45057af\" data-element_type=\"section\" data-settings=\"{&quot;background_background&quot;:&quot;classic&quot;}\">\n\t\t\t\t\t\t<div class=\"elementor-container elementor-column-gap-default\">\n\t\t\t\t\t<div class=\"elementor-column elementor-col-33 elementor-top-column elementor-element elementor-element-e1ef397\" data-id=\"e1ef397\" data-element_type=\"column\">\n\t\t\t<div class=\"elementor-widget-wrap elementor-element-populated\">\n\t\t\t\t\t\t<div class=\"elementor-element elementor-element-a4c69de animated-slow elementor-invisible elementor-widget elementor-widget-icon-box\" data-id=\"a4c69de\" data-element_type=\"widget\" data-settings=\"{&quot;_animation&quot;:&quot;fadeIn&quot;,&quot;_animation_delay&quot;:1000}\" data-widget_type=\"icon-box.default\">\n\t\t\t\t\t\t\t<div class=\"elementor-icon-box-wrapper\">\n\n\t\t\t\n\t\t\t\t\t\t<div class=\"elementor-icon-box-content\">\n\n\t\t\t\t\t\t\t\t\t<h3 class=\"elementor-icon-box-title\">\n\t\t\t\t\t\t<span  >\n\t\t\t\t\t\t\tExp\u00e9dition soign\u00e9e\t\t\t\t\t\t<\/span>\n\t\t\t\t\t<\/h3>\n\t\t\t\t\n\t\t\t\t\t\t\t\t\t<p class=\"elementor-icon-box-description\">\n\t\t\t\t\t\tEmballages protecteurs, respectueux des mati\u00e8res et adapt\u00e9s aux objets fragiles et vivants.\t\t\t\t\t<\/p>\n\t\t\t\t\n\t\t\t<\/div>\n\t\t\t\n\t\t<\/div>\n\t\t\t\t\t\t<\/div>\n\t\t\t\t\t<\/div>\n\t\t<\/div>\n\t\t\t\t<div class=\"elementor-column elementor-col-33 elementor-top-column elementor-element elementor-element-710ec89\" data-id=\"710ec89\" data-element_type=\"column\">\n\t\t\t<div class=\"elementor-widget-wrap elementor-element-populated\">\n\t\t\t\t\t\t<div class=\"elementor-element elementor-element-b782b66 animated-slow elementor-invisible elementor-widget elementor-widget-icon-box\" data-id=\"b782b66\" data-element_type=\"widget\" data-settings=\"{&quot;_animation&quot;:&quot;fadeIn&quot;,&quot;_animation_delay&quot;:1000}\" data-widget_type=\"icon-box.default\">\n\t\t\t\t\t\t\t<div class=\"elementor-icon-box-wrapper\">\n\n\t\t\t\n\t\t\t\t\t\t<div class=\"elementor-icon-box-content\">\n\n\t\t\t\t\t\t\t\t\t<h3 class=\"elementor-icon-box-title\">\n\t\t\t\t\t\t<span  >\n\t\t\t\t\t\t\tPi\u00e8ces uniques &amp; s\u00e9lection consciente\t\t\t\t\t\t<\/span>\n\t\t\t\t\t<\/h3>\n\t\t\t\t\n\t\t\t\t\t\t\t\t\t<p class=\"elementor-icon-box-description\">\n\t\t\t\t\t\tChaque plante et chaque objet est choisi pour son authenticit\u00e9, sa singularit\u00e9 et son histoire.\t\t\t\t\t<\/p>\n\t\t\t\t\n\t\t\t<\/div>\n\t\t\t\n\t\t<\/div>\n\t\t\t\t\t\t<\/div>\n\t\t\t\t\t<\/div>\n\t\t<\/div>\n\t\t\t\t<div class=\"elementor-column elementor-col-33 elementor-top-column elementor-element elementor-element-4258242\" data-id=\"4258242\" data-element_type=\"column\">\n\t\t\t<div class=\"elementor-widget-wrap elementor-element-populated\">\n\t\t\t\t\t\t<div class=\"elementor-element elementor-element-11092e5 animated-slow elementor-invisible elementor-widget elementor-widget-icon-box\" data-id=\"11092e5\" data-element_type=\"widget\" data-settings=\"{&quot;_animation&quot;:&quot;fadeIn&quot;,&quot;_animation_delay&quot;:1000}\" data-widget_type=\"icon-box.default\">\n\t\t\t\t\t\t\t<div class=\"elementor-icon-box-wrapper\">\n\n\t\t\t\n\t\t\t\t\t\t<div class=\"elementor-icon-box-content\">\n\n\t\t\t\t\t\t\t\t\t<h3 class=\"elementor-icon-box-title\">\n\t\t\t\t\t\t<span  >\n\t\t\t\t\t\t\tExpertise &amp; passion\t\t\t\t\t\t<\/span>\n\t\t\t\t\t<\/h3>\n\t\t\t\t\n\t\t\t\t\t\t\t\t\t<p class=\"elementor-icon-box-description\">\n\t\t\t\t\t\tUne s\u00e9lection guid\u00e9e par l\u2019amour du v\u00e9g\u00e9tal, de l\u2019art et des objets qui traversent le temps.\t\t\t\t\t<\/p>\n\t\t\t\t\n\t\t\t<\/div>\n\t\t\t\n\t\t<\/div>\n\t\t\t\t\t\t<\/div>\n\t\t\t\t\t<\/div>\n\t\t<\/div>\n\t\t\t\t\t<\/div>\n\t\t<\/section>\n\t\t\t\t<\/div>\n\t\t","protected":false},"excerpt":{"rendered":"<p>D\u00e9couvrir Terra Unika Mieux nous conna\u00eetre L\u2019\u00e2me de Terra Unika Terra Unika est n\u00e9e du d\u00e9sir de r\u00e9unir le vivant, l\u2019art et la mati\u00e8re brute dans un m\u00eame espace. Chaque pi\u00e8ce est choisie comme une \u0153uvre : pour sa forme, son \u00e9nergie, son imperfection. Ici, rien n\u2019est standardis\u00e9. Tout est unique, comme un fragment de [&hellip;]<\/p>\n","protected":false},"author":1,"featured_media":0,"parent":0,"menu_order":0,"comment_status":"closed","ping_status":"closed","template":"","meta":{"footnotes":""},"class_list":["post-56","page","type-page","status-publish","hentry"],"_links":{"self":[{"href":"https:\/\/www.terra-unika.fr\/index.php?rest_route=\/wp\/v2\/pages\/56","targetHints":{"allow":["GET"]}}],"collection":[{"href":"https:\/\/www.terra-unika.fr\/index.php?rest_route=\/wp\/v2\/pages"}],"about":[{"href":"https:\/\/www.terra-unika.fr\/index.php?rest_route=\/wp\/v2\/types\/page"}],"author":[{"embeddable":true,"href":"https:\/\/www.terra-unika.fr\/index.php?rest_route=\/wp\/v2\/users\/1"}],"replies":[{"embeddable":true,"href":"https:\/\/www.terra-unika.fr\/index.php?rest_route=%2Fwp%2Fv2%2Fcomments&post=56"}],"version-history":[{"count":22,"href":"https:\/\/www.terra-unika.fr\/index.php?rest_route=\/wp\/v2\/pages\/56\/revisions"}],"predecessor-version":[{"id":801,"href":"https:\/\/www.terra-unika.fr\/index.php?rest_route=\/wp\/v2\/pages\/56\/revisions\/801"}],"wp:attachment":[{"href":"https:\/\/www.terra-unika.fr\/index.php?rest_route=%2Fwp%2Fv2%2Fmedia&parent=56"}],"curies":[{"name":"wp","href":"https:\/\/api.w.org\/{rel}","templated":true}]}}