{"id":48,"date":"2026-01-14T10:28:52","date_gmt":"2026-01-14T10:28:52","guid":{"rendered":"https:\/\/terraunica.alwaysdata.net\/site\/?page_id=48"},"modified":"2026-02-04T15:39:46","modified_gmt":"2026-02-04T15:39:46","slug":"panier","status":"publish","type":"page","link":"https:\/\/www.terra-unika.fr\/?page_id=48","title":{"rendered":"Panier"},"content":{"rendered":"\t\t<div data-elementor-type=\"wp-page\" data-elementor-id=\"48\" class=\"elementor elementor-48\" data-elementor-post-type=\"page\">\n\t\t\t\t\t\t<section class=\"elementor-section elementor-top-section elementor-element elementor-element-3d13577 elementor-section-boxed elementor-section-height-default elementor-section-height-default\" data-id=\"3d13577\" data-element_type=\"section\" data-settings=\"{&quot;background_background&quot;:&quot;classic&quot;}\">\n\t\t\t\t\t\t\t<div class=\"elementor-background-overlay\"><\/div>\n\t\t\t\t\t\t\t<div class=\"elementor-container elementor-column-gap-default\">\n\t\t\t\t\t<div class=\"elementor-column elementor-col-100 elementor-top-column elementor-element elementor-element-455bdcb\" data-id=\"455bdcb\" data-element_type=\"column\">\n\t\t\t<div class=\"elementor-widget-wrap elementor-element-populated\">\n\t\t\t\t\t\t<div class=\"elementor-element elementor-element-b042336 elementor-widget__width-initial elementor-absolute elementor-widget-tablet__width-initial elementor-widget elementor-widget-image\" data-id=\"b042336\" data-element_type=\"widget\" data-settings=\"{&quot;_position&quot;:&quot;absolute&quot;}\" data-widget_type=\"image.default\">\n\t\t\t\t\t\t\t\t\t\t\t\t\t\t\t<img fetchpriority=\"high\" decoding=\"async\" width=\"327\" height=\"326\" src=\"https:\/\/www.terra-unika.fr\/wp-content\/uploads\/2026\/01\/Picture8.png\" class=\"attachment-large size-large wp-image-117\" alt=\"\" srcset=\"https:\/\/www.terra-unika.fr\/wp-content\/uploads\/2026\/01\/Picture8.png 327w, https:\/\/www.terra-unika.fr\/wp-content\/uploads\/2026\/01\/Picture8-300x300.png 300w, https:\/\/www.terra-unika.fr\/wp-content\/uploads\/2026\/01\/Picture8-150x150.png 150w, https:\/\/www.terra-unika.fr\/wp-content\/uploads\/2026\/01\/Picture8-100x100.png 100w\" sizes=\"(max-width: 327px) 100vw, 327px\" \/>\t\t\t\t\t\t\t\t\t\t\t\t\t\t\t<\/div>\n\t\t\t\t<div class=\"elementor-element elementor-element-eb11004 elementor-widget elementor-widget-heading\" data-id=\"eb11004\" data-element_type=\"widget\" data-widget_type=\"heading.default\">\n\t\t\t\t\t<h1 class=\"elementor-heading-title elementor-size-default\">Panier<\/h1>\t\t\t\t<\/div>\n\t\t\t\t\t<\/div>\n\t\t<\/div>\n\t\t\t\t\t<\/div>\n\t\t<\/section>\n\t\t<div class=\"elementor-element elementor-element-f205e3d e-flex e-con-boxed e-con e-parent\" data-id=\"f205e3d\" data-element_type=\"container\">\n\t\t\t\t\t<div class=\"e-con-inner\">\n\t\t\t\t<div class=\"elementor-element elementor-element-7ee3953 e-cart-layout-two-column elementor-widget elementor-widget-woocommerce-cart\" data-id=\"7ee3953\" data-element_type=\"widget\" data-widget_type=\"woocommerce-cart.default\">\n\t\t\t\t<div class=\"elementor-widget-container\">\n\t\t\t\t\t<div class=\"woocommerce\"><div class=\"woocommerce-notices-wrapper\"><\/div><div class=\"wc-empty-cart-message\">\n\t<div class=\"cart-empty woocommerce-info\" role=\"status\">\n\t\tVotre panier est actuellement vide.\t<\/div>\n<\/div>\t<p class=\"return-to-shop\">\n\t\t<a class=\"button wc-backward\" href=\"https:\/\/www.terra-unika.fr\/?page_id=47\">\n\t\t\tRetour \u00e0 la boutique\t\t<\/a>\n\t<\/p>\n<\/div>\t\t\t\t<\/div>\n\t\t\t\t<\/div>\n\t\t\t\t\t<\/div>\n\t\t\t\t<\/div>\n\t\t\t\t<\/div>\n\t\t","protected":false},"excerpt":{"rendered":"<p>Supprimer l\u2019\u00e9l\u00e9ment Miniature Produit Prix Quantit\u00e9 Sous-total &times; Cr\u00e9ation de miroir PAON 200,00&nbsp;&euro; quantit\u00e9 de Cr\u00e9ation de miroir PAON 200,00&nbsp;&euro; &times; Vente d&rsquo;un Tubipora musica de 35cm 550,00&nbsp;&euro; quantit\u00e9 de Vente d&#039;un Tubipora musica de 35cm 1 100,00&nbsp;&euro; Mise \u00e0 jour le panier Appliquer le code promo Totaux du panier Sous-total 1 300,00&nbsp;&euro; Total 1 [&hellip;]<\/p>\n","protected":false},"author":1,"featured_media":0,"parent":0,"menu_order":0,"comment_status":"closed","ping_status":"closed","template":"","meta":{"footnotes":""},"class_list":["post-48","page","type-page","status-publish","hentry"],"_links":{"self":[{"href":"https:\/\/www.terra-unika.fr\/index.php?rest_route=\/wp\/v2\/pages\/48","targetHints":{"allow":["GET"]}}],"collection":[{"href":"https:\/\/www.terra-unika.fr\/index.php?rest_route=\/wp\/v2\/pages"}],"about":[{"href":"https:\/\/www.terra-unika.fr\/index.php?rest_route=\/wp\/v2\/types\/page"}],"author":[{"embeddable":true,"href":"https:\/\/www.terra-unika.fr\/index.php?rest_route=\/wp\/v2\/users\/1"}],"replies":[{"embeddable":true,"href":"https:\/\/www.terra-unika.fr\/index.php?rest_route=%2Fwp%2Fv2%2Fcomments&post=48"}],"version-history":[{"count":18,"href":"https:\/\/www.terra-unika.fr\/index.php?rest_route=\/wp\/v2\/pages\/48\/revisions"}],"predecessor-version":[{"id":688,"href":"https:\/\/www.terra-unika.fr\/index.php?rest_route=\/wp\/v2\/pages\/48\/revisions\/688"}],"wp:attachment":[{"href":"https:\/\/www.terra-unika.fr\/index.php?rest_route=%2Fwp%2Fv2%2Fmedia&parent=48"}],"curies":[{"name":"wp","href":"https:\/\/api.w.org\/{rel}","templated":true}]}}